{"id":678,"date":"2019-05-07T16:50:54","date_gmt":"2019-05-07T16:50:54","guid":{"rendered":"http:\/\/koalasystems.net\/?page_id=678"},"modified":"2019-06-19T14:20:54","modified_gmt":"2019-06-19T14:20:54","slug":"software-factory","status":"publish","type":"page","link":"https:\/\/koalasystems.net\/index.php\/software-factory\/","title":{"rendered":"Software Factory"},"content":{"rendered":"<p>[vc_row][vc_column][vc_column_text]<span style=\"color: #000000; font-size: 15px;\">Esta modalidad de trabajo nos permite conectividad on line a los ambientes de desarrollo de nuestros clientes, lo cual asegura evitar los conflictos t\u00edpicos de la replicaci\u00f3n de entornos de trabajo.<\/span><\/p>\n<p><span style=\"color: #000000; font-size: 15px;\">Las solicitudes son cotizadas en horas donde se incluye el eventual re-trabajo que pudiera surgir como consecuencia de la pruebas a realizar.<\/span><\/p>\n<p><span style=\"color: #000000; font-size: 15px;\">Econ\u00f3micamente, esto es sumamente ventajoso en comparaci\u00f3n con los m\u00e9todos tradicionales de contrataci\u00f3n de recursos fijos \u201cin house\u201d, donde las empresas pagan por el tiempo improductivo y por los errores de codificaci\u00f3n del personal contratado. A esto debe sumarse la reducci\u00f3n del valor en infraestructura y metros cuadrados utilizados por el cliente.<\/span><\/p>\n<p><span style=\"color: #000000; font-size: 15px;\">El seguimiento y env\u00edo de las Solicitudes de trabajo, puede ser monitoreado y administrado a trav\u00e9s de nuestro sitio de Administraci\u00f3n de Requerimientos. La secuencia del proceso es la siguiente:<\/span>[\/vc_column_text][vc_row_inner][vc_column_inner width=&#8221;1\/4&#8243; offset=&#8221;vc_col-xs-12&#8243;]<div class=\"porto-content-box featured-boxes wpb_content_element \"><div class=\"featured-box featured-box-dark featured-box-effect-2 align-center\"><div class=\"box-content\" style=\"\"><i class=\"icon-featured icon-image\"><img decoding=\"async\" alt=\"\" src=\"\/\/koalasystems.net\/wp-content\/uploads\/2019\/05\/cliente-1.png\"><\/i>[vc_column_text]<\/p>\n<h4 class=\"text-uppercase\" style=\"text-align: center;\"><span style=\"color: #0088cc;\">Cliente<\/span><\/h4>\n<p style=\"text-align: left;\">Carga de la solicitud de trabajo en el sitio de Koala, junto a su especificaci\u00f3n y fecha de finalizaci\u00f3n solicitada.<\/p>\n<p>[\/vc_column_text]<\/div><\/div><\/div>[\/vc_column_inner][vc_column_inner width=&#8221;1\/4&#8243; offset=&#8221;vc_col-xs-12&#8243;]<div class=\"porto-content-box featured-boxes wpb_content_element \"><div class=\"featured-box featured-box-dark featured-box-effect-2 align-center\"><div class=\"box-content\" style=\"\"><i class=\"icon-featured icon-image\"><img decoding=\"async\" alt=\"\" src=\"\/\/koalasystems.net\/wp-content\/uploads\/2019\/05\/calendario-1.png\"><\/i>[vc_column_text]<\/p>\n<h4 class=\"text-uppercase\" style=\"text-align: center;\"><span style=\"color: #0088cc;\">Koala<\/span><\/h4>\n<p style=\"text-align: left;\">Informa en el sitio la cantidad de horas de trabajo estimadas as\u00ed como la confirmaci\u00f3n de la fecha esperada de finalizaci\u00f3n.<\/p>\n<p>[\/vc_column_text]<\/div><\/div><\/div>[\/vc_column_inner][vc_column_inner width=&#8221;1\/4&#8243; offset=&#8221;vc_col-xs-12&#8243;]<div class=\"porto-content-box featured-boxes wpb_content_element \"><div class=\"featured-box featured-box-dark featured-box-effect-2 align-center\"><div class=\"box-content\" style=\"\"><i class=\"icon-featured icon-image\"><img decoding=\"async\" alt=\"\" src=\"\/\/koalasystems.net\/wp-content\/uploads\/2019\/05\/ejecucion.png\"><\/i>[vc_column_text]<\/p>\n<h4 class=\"text-uppercase\" style=\"text-align: center;\"><span style=\"color: #0088cc;\">Koala<\/span><\/h4>\n<p style=\"text-align: left;\">Registra los sucesivos cambios de estado por los que transita la solicitud de trabajo (En ejecuci\u00f3n, Testing, etc.)<\/p>\n<p>[\/vc_column_text]<\/div><\/div><\/div>[\/vc_column_inner][vc_column_inner width=&#8221;1\/4&#8243; offset=&#8221;vc_col-xs-12&#8243;]<div class=\"porto-content-box featured-boxes wpb_content_element \"><div class=\"featured-box featured-box-dark featured-box-effect-2 align-center\"><div class=\"box-content\" style=\"\"><i class=\"icon-featured icon-image\"><img decoding=\"async\" alt=\"\" src=\"\/\/koalasystems.net\/wp-content\/uploads\/2019\/05\/documentacion.png\"><\/i>[vc_column_text]<\/p>\n<h4 class=\"text-uppercase\" style=\"text-align: center;\"><span style=\"color: #0088cc;\">Koala<\/span><\/h4>\n<p style=\"text-align: left;\">Adjunta documentaci\u00f3n inherente al desarrollo efectuado.<\/p>\n<p>[\/vc_column_text]<\/div><\/div><\/div>[\/vc_column_inner][\/vc_row_inner][\/vc_column][\/vc_row][vc_row][vc_column][vc_column_text]<span style=\"color: #000000; font-size: 15px;\">Esta modalidad de trabajo la utilizamos exitosamente en el \u00e1mbito de nuestros clientes locales, en distintas ubicaciones del pa\u00eds, as\u00ed como con corporaciones radicadas en ciudades de pa\u00edses lim\u00edtrofes e incluso fuera de nuestro continente.<\/span><\/p>\n<p><span style=\"color: #000000; font-size: 15px;\">Podemos citar como logros mas exitosos de este servicio, empresas ubicadas en San Juan de Puerto Rico, Miami, Lima, Santiago de Chile, Asunci\u00f3n y San Pablo.<\/span>[\/vc_column_text][\/vc_column][\/vc_row]<\/p>\n","protected":false},"excerpt":{"rendered":"<p>[vc_row][vc_column][vc_column_text]Esta modalidad de trabajo nos permite conectividad on line a los ambientes de desarrollo de nuestros clientes, lo cual asegura evitar los conflictos t\u00edpicos de la replicaci\u00f3n de entornos de trabajo. Las solicitudes son cotizadas en horas donde se incluye el eventual re-trabajo que pudiera surgir como consecuencia de la pruebas a realizar. Econ\u00f3micamente, esto [&hellip;]<\/p>\n","protected":false},"author":1,"featured_media":0,"parent":0,"menu_order":0,"comment_status":"closed","ping_status":"closed","template":"","meta":{"footnotes":""},"class_list":["post-678","page","type-page","status-publish","hentry"],"yoast_head":"<!-- This site is optimized with the Yoast SEO plugin v23.8 - https:\/\/yoast.com\/wordpress\/plugins\/seo\/ -->\n<title>Software Factory - Koalasystems<\/title>\n<meta name=\"description\" content=\"Desarrollos de aplicaciones en forma remota en las tecnolog\u00edas m\u00e1s usuales del mercado, Oracle, .Net, Java que incluye el eventual retrabajo dentro de sus estimaciones y costo.\" \/>\n<meta name=\"robots\" content=\"index, follow, max-snippet:-1, max-image-preview:large, max-video-preview:-1\" \/>\n<link rel=\"canonical\" href=\"https:\/\/koalasystems.net\/index.php\/software-factory\/\" \/>\n<meta property=\"og:locale\" content=\"es_ES\" \/>\n<meta property=\"og:type\" content=\"article\" \/>\n<meta property=\"og:title\" content=\"Software Factory - Koalasystems\" \/>\n<meta property=\"og:description\" content=\"Desarrollos de aplicaciones en forma remota en las tecnolog\u00edas m\u00e1s usuales del mercado, Oracle, .Net, Java que incluye el eventual retrabajo dentro de sus estimaciones y costo.\" \/>\n<meta property=\"og:url\" content=\"https:\/\/koalasystems.net\/index.php\/software-factory\/\" \/>\n<meta property=\"og:site_name\" content=\"Koalasystems\" \/>\n<meta property=\"article:publisher\" content=\"https:\/\/www.facebook.com\/people\/Koala-Rrhh\/100007654095531\" \/>\n<meta property=\"article:modified_time\" content=\"2019-06-19T14:20:54+00:00\" \/>\n<meta name=\"twitter:card\" content=\"summary_large_image\" \/>\n<meta name=\"twitter:label1\" content=\"Tiempo de lectura\" \/>\n\t<meta name=\"twitter:data1\" content=\"2 minutos\" \/>\n<script type=\"application\/ld+json\" class=\"yoast-schema-graph\">{\"@context\":\"https:\/\/schema.org\",\"@graph\":[{\"@type\":\"WebPage\",\"@id\":\"https:\/\/koalasystems.net\/index.php\/software-factory\/\",\"url\":\"https:\/\/koalasystems.net\/index.php\/software-factory\/\",\"name\":\"Software Factory - Koalasystems\",\"isPartOf\":{\"@id\":\"https:\/\/koalasystems.net\/#website\"},\"datePublished\":\"2019-05-07T16:50:54+00:00\",\"dateModified\":\"2019-06-19T14:20:54+00:00\",\"description\":\"Desarrollos de aplicaciones en forma remota en las tecnolog\u00edas m\u00e1s usuales del mercado, Oracle, .Net, Java que incluye el eventual retrabajo dentro de sus estimaciones y costo.\",\"breadcrumb\":{\"@id\":\"https:\/\/koalasystems.net\/index.php\/software-factory\/#breadcrumb\"},\"inLanguage\":\"es\",\"potentialAction\":[{\"@type\":\"ReadAction\",\"target\":[\"https:\/\/koalasystems.net\/index.php\/software-factory\/\"]}]},{\"@type\":\"BreadcrumbList\",\"@id\":\"https:\/\/koalasystems.net\/index.php\/software-factory\/#breadcrumb\",\"itemListElement\":[{\"@type\":\"ListItem\",\"position\":1,\"name\":\"Portada\",\"item\":\"https:\/\/koalasystems.net\/\"},{\"@type\":\"ListItem\",\"position\":2,\"name\":\"Software Factory\"}]},{\"@type\":\"WebSite\",\"@id\":\"https:\/\/koalasystems.net\/#website\",\"url\":\"https:\/\/koalasystems.net\/\",\"name\":\"Koalasystems\",\"description\":\"Empresa de desarrollo de sistemas, software Factory, consultor\u00eda y staffing especializada en la industria aseguradora\",\"publisher\":{\"@id\":\"https:\/\/koalasystems.net\/#organization\"},\"potentialAction\":[{\"@type\":\"SearchAction\",\"target\":{\"@type\":\"EntryPoint\",\"urlTemplate\":\"https:\/\/koalasystems.net\/?s={search_term_string}\"},\"query-input\":{\"@type\":\"PropertyValueSpecification\",\"valueRequired\":true,\"valueName\":\"search_term_string\"}}],\"inLanguage\":\"es\"},{\"@type\":\"Organization\",\"@id\":\"https:\/\/koalasystems.net\/#organization\",\"name\":\"Koala Systems\",\"url\":\"https:\/\/koalasystems.net\/\",\"logo\":{\"@type\":\"ImageObject\",\"inLanguage\":\"es\",\"@id\":\"https:\/\/koalasystems.net\/#\/schema\/logo\/image\/\",\"url\":\"https:\/\/koalasystems.net\/wp-content\/uploads\/2019\/05\/logo-koala-2.png\",\"contentUrl\":\"https:\/\/koalasystems.net\/wp-content\/uploads\/2019\/05\/logo-koala-2.png\",\"width\":1232,\"height\":462,\"caption\":\"Koala Systems\"},\"image\":{\"@id\":\"https:\/\/koalasystems.net\/#\/schema\/logo\/image\/\"},\"sameAs\":[\"https:\/\/www.facebook.com\/people\/Koala-Rrhh\/100007654095531\",\"https:\/\/www.linkedin.com\/in\/koala-systems-rrhh-677a253b\/\"]}]}<\/script>\n<!-- \/ Yoast SEO plugin. -->","yoast_head_json":{"title":"Software Factory - Koalasystems","description":"Desarrollos de aplicaciones en forma remota en las tecnolog\u00edas m\u00e1s usuales del mercado, Oracle, .Net, Java que incluye el eventual retrabajo dentro de sus estimaciones y costo.","robots":{"index":"index","follow":"follow","max-snippet":"max-snippet:-1","max-image-preview":"max-image-preview:large","max-video-preview":"max-video-preview:-1"},"canonical":"https:\/\/koalasystems.net\/index.php\/software-factory\/","og_locale":"es_ES","og_type":"article","og_title":"Software Factory - Koalasystems","og_description":"Desarrollos de aplicaciones en forma remota en las tecnolog\u00edas m\u00e1s usuales del mercado, Oracle, .Net, Java que incluye el eventual retrabajo dentro de sus estimaciones y costo.","og_url":"https:\/\/koalasystems.net\/index.php\/software-factory\/","og_site_name":"Koalasystems","article_publisher":"https:\/\/www.facebook.com\/people\/Koala-Rrhh\/100007654095531","article_modified_time":"2019-06-19T14:20:54+00:00","twitter_card":"summary_large_image","twitter_misc":{"Tiempo de lectura":"2 minutos"},"schema":{"@context":"https:\/\/schema.org","@graph":[{"@type":"WebPage","@id":"https:\/\/koalasystems.net\/index.php\/software-factory\/","url":"https:\/\/koalasystems.net\/index.php\/software-factory\/","name":"Software Factory - Koalasystems","isPartOf":{"@id":"https:\/\/koalasystems.net\/#website"},"datePublished":"2019-05-07T16:50:54+00:00","dateModified":"2019-06-19T14:20:54+00:00","description":"Desarrollos de aplicaciones en forma remota en las tecnolog\u00edas m\u00e1s usuales del mercado, Oracle, .Net, Java que incluye el eventual retrabajo dentro de sus estimaciones y costo.","breadcrumb":{"@id":"https:\/\/koalasystems.net\/index.php\/software-factory\/#breadcrumb"},"inLanguage":"es","potentialAction":[{"@type":"ReadAction","target":["https:\/\/koalasystems.net\/index.php\/software-factory\/"]}]},{"@type":"BreadcrumbList","@id":"https:\/\/koalasystems.net\/index.php\/software-factory\/#breadcrumb","itemListElement":[{"@type":"ListItem","position":1,"name":"Portada","item":"https:\/\/koalasystems.net\/"},{"@type":"ListItem","position":2,"name":"Software Factory"}]},{"@type":"WebSite","@id":"https:\/\/koalasystems.net\/#website","url":"https:\/\/koalasystems.net\/","name":"Koalasystems","description":"Empresa de desarrollo de sistemas, software Factory, consultor\u00eda y staffing especializada en la industria aseguradora","publisher":{"@id":"https:\/\/koalasystems.net\/#organization"},"potentialAction":[{"@type":"SearchAction","target":{"@type":"EntryPoint","urlTemplate":"https:\/\/koalasystems.net\/?s={search_term_string}"},"query-input":{"@type":"PropertyValueSpecification","valueRequired":true,"valueName":"search_term_string"}}],"inLanguage":"es"},{"@type":"Organization","@id":"https:\/\/koalasystems.net\/#organization","name":"Koala Systems","url":"https:\/\/koalasystems.net\/","logo":{"@type":"ImageObject","inLanguage":"es","@id":"https:\/\/koalasystems.net\/#\/schema\/logo\/image\/","url":"https:\/\/koalasystems.net\/wp-content\/uploads\/2019\/05\/logo-koala-2.png","contentUrl":"https:\/\/koalasystems.net\/wp-content\/uploads\/2019\/05\/logo-koala-2.png","width":1232,"height":462,"caption":"Koala Systems"},"image":{"@id":"https:\/\/koalasystems.net\/#\/schema\/logo\/image\/"},"sameAs":["https:\/\/www.facebook.com\/people\/Koala-Rrhh\/100007654095531","https:\/\/www.linkedin.com\/in\/koala-systems-rrhh-677a253b\/"]}]}},"_links":{"self":[{"href":"https:\/\/koalasystems.net\/index.php\/wp-json\/wp\/v2\/pages\/678","targetHints":{"allow":["GET"]}}],"collection":[{"href":"https:\/\/koalasystems.net\/index.php\/wp-json\/wp\/v2\/pages"}],"about":[{"href":"https:\/\/koalasystems.net\/index.php\/wp-json\/wp\/v2\/types\/page"}],"author":[{"embeddable":true,"href":"https:\/\/koalasystems.net\/index.php\/wp-json\/wp\/v2\/users\/1"}],"replies":[{"embeddable":true,"href":"https:\/\/koalasystems.net\/index.php\/wp-json\/wp\/v2\/comments?post=678"}],"version-history":[{"count":36,"href":"https:\/\/koalasystems.net\/index.php\/wp-json\/wp\/v2\/pages\/678\/revisions"}],"predecessor-version":[{"id":1291,"href":"https:\/\/koalasystems.net\/index.php\/wp-json\/wp\/v2\/pages\/678\/revisions\/1291"}],"wp:attachment":[{"href":"https:\/\/koalasystems.net\/index.php\/wp-json\/wp\/v2\/media?parent=678"}],"curies":[{"name":"wp","href":"https:\/\/api.w.org\/{rel}","templated":true}]}}